
 {"id":140,"date":"2021-08-04T11:15:21","date_gmt":"2021-08-04T09:15:21","guid":{"rendered":"https:\/\/www.cssigniter.com\/demos\/loge\/?page_id=140"},"modified":"2023-10-25T00:24:06","modified_gmt":"2023-10-24T22:24:06","slug":"o-nas","status":"publish","type":"page","link":"https:\/\/vitkacy.com\/en\/o-nas\/","title":{"rendered":"About us"},"content":{"rendered":"<div id=\"block-bd34ae-180c-40\" class=\"wp-block-gutenbee-container alignfull block-bd34ae-180c-40 theme-grid is-style-ignition-loge-container-background-limit-right\"><div class=\"wp-block-gutenbee-container-inner\"><div class=\"wp-block-gutenbee-container-row wp-block-gutenbee-container-lg\">\n<div class=\"wp-block-gutenbee-column block-70153f-7752-4d\"><style>.wp-block-gutenbee-column.block-70153f-7752-4d { flex-basis: 40%; }\n\n\n      @media (max-width: 991px) {\n        .wp-block-gutenbee-column.block-70153f-7752-4d { flex-basis: 33%; }\n      }\n    \n\n      @media (max-width: 575px) {\n        .wp-block-gutenbee-column.block-70153f-7752-4d { flex-basis: 100%; }\n      }<\/style><div class=\"wp-block-gutenbee-column-content\">\n<figure class=\"wp-block-image size-full\"><img loading=\"lazy\" decoding=\"async\" width=\"684\" height=\"1024\" src=\"https:\/\/vitkacy.com\/wp-content\/uploads\/2023\/10\/DSC_4412.jpg\" alt=\"\" class=\"wp-image-823\" srcset=\"https:\/\/vitkacy.com\/wp-content\/uploads\/2023\/10\/DSC_4412.jpg 684w, https:\/\/vitkacy.com\/wp-content\/uploads\/2023\/10\/DSC_4412-200x300.jpg 200w, https:\/\/vitkacy.com\/wp-content\/uploads\/2023\/10\/DSC_4412-8x12.jpg 8w, https:\/\/vitkacy.com\/wp-content\/uploads\/2023\/10\/DSC_4412-560x838.jpg 560w\" sizes=\"auto, (max-width: 684px) 100vw, 684px\" \/><\/figure>\n<\/div><\/div>\n\n\n\n<div class=\"wp-block-gutenbee-column block-a3ceec-7a93-4f\"><style>.wp-block-gutenbee-column.block-a3ceec-7a93-4f > .wp-block-gutenbee-column-content { padding-left: 70px; }\n.wp-block-gutenbee-column.block-a3ceec-7a93-4f { flex-basis: 60%; }\n\n\n      @media (max-width: 991px) {\n        .wp-block-gutenbee-column.block-a3ceec-7a93-4f > .wp-block-gutenbee-column-content { padding-left: 0px; }\n.wp-block-gutenbee-column.block-a3ceec-7a93-4f { flex-basis: 66%; }\n      }\n    \n\n      @media (max-width: 575px) {\n        .wp-block-gutenbee-column.block-a3ceec-7a93-4f { flex-basis: 100%; }\n      }<\/style><div class=\"wp-block-gutenbee-column-content\">\n<div class=\"wp-block-gutenbee-spacer block-10b48f-5109-4b\" aria-hidden=\"true\"><style>.wp-block-gutenbee-spacer.block-10b48f-5109-4b { height: 30px; }\n\n\n      @media (max-width: 991px) {\n        .wp-block-gutenbee-spacer.block-10b48f-5109-4b { height: 60px; }\n      }\n    \n\n      @media (max-width: 575px) {\n        .wp-block-gutenbee-spacer.block-10b48f-5109-4b { height: 40px; }\n      }<\/style><div class=\"wp-block-gutenbee-spacer-background\" data-parallax-speed=\"0.3\"><\/div><\/div>\n\n\n\n<h1 id=\"block-d59aa3-f259-4b\" class=\"wp-block-gutenbee-heading block-d59aa3-f259-4b\">About us<\/h1>\n\n\n\n<p class=\"has-medium-font-size\">We are fascinated by modern textile art. It left a lasting impression on us after visits to the Dutch TextielLab and exhibitions at the Museum of Textiles in \u0141\u00f3d\u017a.<\/p>\n\n\n\n<p class=\"has-medium-font-size\">We decided to translate Polish painting onto jacquard fabrics. For this project, we invited acclaimed designers and collaborated with the finest Polish and Dutch weaving mills.<\/p>\n\n\n\n<p class=\"has-medium-font-size\">We are the exclusive license holders allowing us to transfer the works of Tamara de Lempicka and W\u0142adys\u0142aw Strzemi\u0144ski onto pillows and tapestries. <\/p>\n\n\n\n<p class=\"has-medium-font-size\">The work on the first collections took almost two years. The utmost importance for us lies in the highest quality, uniqueness, and the high artistic value of the created items.<\/p>\n\n\n\n<p class=\"has-medium-font-size\">The company name is not coincidental. It was inspired by the pseudonym of a beloved artist, in which we see the word 'weave' in polish (\"tka\u0107\"). Additionally, the font used in the logo refers to the conceptual alphabet designed by W\u0142adys\u0142aw Strzeminski.<\/p>\n\n\n\n<p>Aneta &amp; Adam<\/p>\n\n\n\n<div class=\"wp-block-gutenbee-spacer block-64746c-0ac7-48 gutenbee-hidden-mobile\" aria-hidden=\"true\"><style>.wp-block-gutenbee-spacer.block-64746c-0ac7-48 { height: 80px; }<\/style><div class=\"wp-block-gutenbee-spacer-background\" data-parallax-speed=\"0.3\"><\/div><\/div>\n<\/div><\/div>\n<\/div><\/div><div class=\"wp-block-gutenbee-container-background\" data-parallax-speed=\"0.3\" style=\"background-color:#f9f9f9\"><\/div><\/div>","protected":false},"excerpt":{"rendered":"","protected":false},"author":1,"featured_media":0,"parent":0,"menu_order":0,"comment_status":"closed","ping_status":"closed","template":"templates\/template-fullwidth-boxed.php","meta":{"_acf_changed":false,"footnotes":""},"class_list":["post-140","page","type-page","status-publish","hentry"],"acf":[],"_links":{"self":[{"href":"https:\/\/vitkacy.com\/en\/wp-json\/wp\/v2\/pages\/140","targetHints":{"allow":["GET"]}}],"collection":[{"href":"https:\/\/vitkacy.com\/en\/wp-json\/wp\/v2\/pages"}],"about":[{"href":"https:\/\/vitkacy.com\/en\/wp-json\/wp\/v2\/types\/page"}],"author":[{"embeddable":true,"href":"https:\/\/vitkacy.com\/en\/wp-json\/wp\/v2\/users\/1"}],"replies":[{"embeddable":true,"href":"https:\/\/vitkacy.com\/en\/wp-json\/wp\/v2\/comments?post=140"}],"version-history":[{"count":8,"href":"https:\/\/vitkacy.com\/en\/wp-json\/wp\/v2\/pages\/140\/revisions"}],"predecessor-version":[{"id":831,"href":"https:\/\/vitkacy.com\/en\/wp-json\/wp\/v2\/pages\/140\/revisions\/831"}],"wp:attachment":[{"href":"https:\/\/vitkacy.com\/en\/wp-json\/wp\/v2\/media?parent=140"}],"curies":[{"name":"wp","href":"https:\/\/api.w.org\/{rel}","templated":true}]}}