
 {"id":3,"date":"2023-09-04T21:02:11","date_gmt":"2023-09-04T19:02:11","guid":{"rendered":"http:\/\/vitkacy.com\/?page_id=3"},"modified":"2023-09-14T00:34:35","modified_gmt":"2023-09-13T22:34:35","slug":"polityka-prywatnosci","status":"publish","type":"page","link":"https:\/\/vitkacy.com\/en\/polityka-prywatnosci\/","title":{"rendered":"Privacy policy"},"content":{"rendered":"<h2 class=\"wp-block-heading\">\u00a7 1. Postanowienia og\u00f3lne<\/h2>\n\n\n\n<p>1. Polityka prywatno\u015bci i wykorzystywania plik\u00f3w cookies w serwisie internetowym vitkacy.com (dalej: \u201ePolityka\u201d) zosta\u0142a stworzona i przyj\u0119ta przez <strong>Vitkacy Adam Kowalczyk<\/strong><\/p>\n\n\n\n<p>2. Terminy u\u017cyte w Polityce oznaczaj\u0105:<\/p>\n\n\n\n<p>1) Serwis: serwis internetowy vitkacy.com;<\/p>\n\n\n\n<p>2) U\u017cytkownik: podmiot korzystaj\u0105cy z publicznie dost\u0119pnego Serwisu;<\/p>\n\n\n\n<p>3) W\u0142a\u015bciciel: Vitkacy Adam Kowalczyk, ul. Wo\u0142oska 52a\/31, 02-583 Warszawa<\/p>\n\n\n\n<p>4) Cookies: pliki tekstowe, wysy\u0142ane przez Serwis i zapisywane na urz\u0105dzeniu ko\u0144cowym U\u017cytkownika, z kt\u00f3rego U\u017cytkownik korzysta podczas przegl\u0105dania stron internetowych. Pliki zawieraj\u0105 informacje niezb\u0119dne do prawid\u0142owego funkcjonowania Serwisu. Cookies najcz\u0119\u015bciej zawieraj\u0105 nazw\u0119 domeny serwisu internetowego, z kt\u00f3rego pochodz\u0105, czas ich przechowywania na urz\u0105dzeniu ko\u0144cowym oraz numer;<\/p>\n\n\n\n<p>3. Celem Polityki jest w szczeg\u00f3lno\u015bci:<\/p>\n\n\n\n<p>1) udzielenie U\u017cytkownikom informacji dotycz\u0105cych wykorzystywania Cookies w Serwisie, wymaganych przez przepisy prawa, w tym Prawa telekomunikacyjnego;<\/p>\n\n\n\n<p>2) zapewnienie U\u017cytkownikom ochrony prywatno\u015bci w zakresie odpowiadaj\u0105cym standardom i wymogom okre\u015blonym w obowi\u0105zuj\u0105cych przepisach prawnych.<\/p>\n\n\n\n<p>4. W\u0142a\u015bciciel ogranicza zbieranie i wykorzystywanie informacji dotycz\u0105cych U\u017cytkownik\u00f3w do niezb\u0119dnego minimum, wymaganego do \u015bwiadczenia na ich rzecz us\u0142ug.<\/p>\n\n\n\n<p>5. W celu uzyskania pe\u0142nego dost\u0119pu poprzez Serwis do tre\u015bci i us\u0142ug oferowanych przez W\u0142a\u015bciciela, wskazane jest zaakceptowanie zasad wynikaj\u0105cych z Polityki. Akceptacja mo\u017ce by\u0107 dokonana za pomoc\u0105 ustawie\u0144 oprogramowania zainstalowanego w wykorzystywanym przez U\u017cytkownika urz\u0105dzeniu lub konfiguracji us\u0142ugi.<\/p>\n\n\n\n<p>6. Zastosowanie maj\u0105 m.in. nast\u0119puj\u0105ce przepisy prawa:<\/p>\n\n\n\n<p>1) ustawa z dnia 16 lipca 2004 roku Prawo telekomunikacyjne (Dz. U. 2017.1907 t.j. ze zm.);<\/p>\n\n\n\n<p>2) ustawa z dnia 18 lipca 2002 roku o \u015bwiadczeniu us\u0142ug drog\u0105 elektroniczn\u0105 (Dz. U. 2017.1219 t.j. ze zm.);<\/p>\n\n\n\n<p>3) Rozporz\u0105dzenie Parlamentu Europejskiego i Rady (UE) 2016\/679 z dnia 27 kwietnia 2016 r. w sprawie ochrony os\u00f3b fizycznych w zwi\u0105zku z przetwarzaniem danych osobowych i w sprawie swobodnego przep\u0142ywu takich danych oraz uchylenia dyrektywy 95\/46\/WE (og\u00f3lne rozporz\u0105dzenie o ochronie danych) (Dz.U. L 119 z 4.5.2016) wraz z polskimi przepisami o ochronie danych osobowych.<\/p>\n\n\n\n<p>4) Ustawa z dnia 10 maja 2018 roku o ochronie danych osobowych (Dz.U. 2019 poz. 1781 t.j.).<\/p>\n\n\n\n<h2 class=\"wp-block-heading\">\u00a7 2. Ochrona prywatno\u015bci i danych osobowych<\/h2>\n\n\n\n<p>Dane dotycz\u0105ce U\u017cytkownik\u00f3w przetwarzane s\u0105 przez W\u0142a\u015bciciela zgodnie z przepisami prawa. Uzyskane przez W\u0142a\u015bciciela dane osobowe U\u017cytkownik\u00f3w przetwarzane s\u0105 na podstawie udzielonej przez U\u017cytkownika zgody lub wyst\u0105pienia innej przes\u0142anki uprawniaj\u0105cej do przetwarzania danych wed\u0142ug przepis\u00f3w, w szczeg\u00f3lno\u015bci Rozporz\u0105dzenia.<\/p>\n\n\n\n<p>2. W\u0142a\u015bciciel dok\u0142ada szczeg\u00f3lnej staranno\u015bci w celu ochrony interes\u00f3w os\u00f3b, kt\u00f3rych dane dotycz\u0105, a w szczeg\u00f3lno\u015bci zapewnia, aby dane te by\u0142y:<\/p>\n\n\n\n<p>1) przetwarzane zgodnie z prawem, rzetelnie i w spos\u00f3b przejrzysty dla Klient\u00f3w i innych os\u00f3b, kt\u00f3rych dane dotycz\u0105;<\/p>\n\n\n\n<p>2) zbierane w konkretnych, wyra\u017anych i prawnie uzasadnionych celach i nieprzetwarzane dalej w spos\u00f3b niezgodny z tymi celami;<\/p>\n\n\n\n<p>3) adekwatne, stosowne oraz ograniczone do tego, co niezb\u0119dne do cel\u00f3w, w kt\u00f3rych s\u0105 przetwarzane;<\/p>\n\n\n\n<p>4) prawid\u0142owe i w razie potrzeby uaktualniane;<\/p>\n\n\n\n<p>5) przechowywane w formie umo\u017cliwiaj\u0105cej identyfikacj\u0119 osoby, kt\u00f3rej dane dotycz\u0105, przez okres nie d\u0142u\u017cszy, ni\u017c jest to niezb\u0119dne do cel\u00f3w, w kt\u00f3rych dane te s\u0105 przetwarzane;<\/p>\n\n\n\n<p>6) przetwarzane w spos\u00f3b zapewniaj\u0105cy odpowiednie bezpiecze\u0144stwo danych osobowych, w tym ochron\u0119 przed niedozwolonym lub niezgodnym z prawem przetwarzaniem oraz przypadkow\u0105 utrat\u0105, zniszczeniem lub uszkodzeniem, za pomoc\u0105 odpowiednich \u015brodk\u00f3w technicznych lub organizacyjnych,<\/p>\n\n\n\n<p>3. W\u0142a\u015bciciel stosuje odpowiednie \u015brodki techniczne i organizacyjne, zapewniaj\u0105ce ochron\u0119 przetwarzanych danych osobowych odpowiedni\u0105 do charakteru, zakresu, kontekstu i cel\u00f3w przetwarzania oraz ryzyka naruszenia praw lub wolno\u015bci os\u00f3b fizycznych.<\/p>\n\n\n\n<p>4. W\u0142a\u015bciciel d\u0105\u017cy do systematycznego unowocze\u015bniania stosowanych informatycznych, technicznych i organizacyjnych \u015brodk\u00f3w ochrony tych danych, w szczeg\u00f3lno\u015bci W\u0142a\u015bciciel zapewnia aktualizacje informatycznych \u015brodk\u00f3w ochrony pozwalaj\u0105c\u0105 na zabezpieczenie przed wirusami, nieuprawnionym dost\u0119pem oraz innymi zagro\u017ceniami, p\u0142yn\u0105cymi z funkcjonowania systemu informatycznego oraz sieci telekomunikacyjnych.<\/p>\n\n\n\n<p>5. W\u0142a\u015bciciel mo\u017ce \u2013 poza innymi przypadkami wynikaj\u0105cymi z przepis\u00f3w prawa \u2013 przetwarza\u0107 nast\u0119puj\u0105ce dane osobowe Klienta niezb\u0119dne do nawi\u0105zania, ukszta\u0142towania tre\u015bci, zmiany lub rozwi\u0105zania umowy:<\/p>\n\n\n\n<p>1) nazwisko i imiona Klienta;<\/p>\n\n\n\n<p>2) sta\u0142y adres zamieszkania;<\/p>\n\n\n\n<p>3) adres do korespondencji, je\u017celi jest inny ni\u017c adres zamieszkania;<\/p>\n\n\n\n<p>4) prawo do sprzeciwu wobec przetwarzania lub do ograniczenia przetwarzania;<\/p>\n\n\n\n<p>5) adresy poczty elektronicznej Klienta;<\/p>\n\n\n\n<p>6) numer telefonu;<\/p>\n\n\n\n<p>6. W\u0142a\u015bciciel mo\u017ce przetwarza\u0107, za zgod\u0105 Klienta i dla cel\u00f3w reklamy, badania rynku oraz zachowa\u0144 i preferencji Klient\u00f3w z przeznaczeniem wynik\u00f3w tych bada\u0144 na potrzeby polepszenia jako\u015bci us\u0142ug \u015bwiadczonych przez W\u0142a\u015bciciela, inne dane dotycz\u0105ce Klienta, kt\u00f3re nie s\u0105 niezb\u0119dne do \u015bwiadczenia us\u0142ugi drog\u0105 elektroniczn\u0105.<\/p>\n\n\n\n<p>7. Ka\u017cdemu U\u017cytkownikowi, kt\u00f3ry w jakikolwiek spos\u00f3b udost\u0119pni\u0142 W\u0142a\u015bcicielowi swoje dane W\u0142a\u015bciciel zapewnia dost\u0119p do danych i korzystanie z innych praw osobom, kt\u00f3rych dane dotycz\u0105, zgodnie z obowi\u0105zuj\u0105cymi w tym zakresie przepisami prawa, w tym osobom tym przys\u0142uguje:<\/p>\n\n\n\n<p>1) prawo wycofania zgody w sprawie przetwarzania danych osobowych;<\/p>\n\n\n\n<p>2) prawo do informacji dotycz\u0105cych ich danych osobowych;<\/p>\n\n\n\n<p>3) prawo do kontroli przetwarzania danych, w tym ich uzupe\u0142niania, uaktualniania, prostowania, usuwania;<\/p>\n\n\n\n<p>4) prawo do sprzeciwu wobec przetwarzania lub do ograniczenia przetwarzania;<\/p>\n\n\n\n<p>5) prawo do skargi do organu nadzoru i korzystania z innych \u015brodk\u00f3w prawnych celem ochrony swoich praw.<\/p>\n\n\n\n<p>8. W\u0142a\u015bciciel mo\u017ce przetwarza\u0107 dane osobowe w spos\u00f3b zautomatyzowany, w tym poprzez profilowanie, na zasadach wynikaj\u0105cych z Rozporz\u0105dzenia. W takim przypadku celem dzia\u0142a\u0144 W\u0142a\u015bciciela s\u0105 cele marketingowe lub potrzeby personalizacji komunikat\u00f3w wysy\u0142anych do U\u017cytkownik\u00f3w (w tym dopasowanie informacji do potrzeb lub oczekiwa\u0144 U\u017cytkownika). U\u017cytkownik ma prawo sprzeciwu wobec takiego przetwarzania jego danych \u2013 sprzeciw ten mo\u017ce by\u0107 wyra\u017cony poprzez wys\u0142anie wiadomo\u015bci na adres W\u0142a\u015bciciela.<\/p>\n\n\n\n<p>9. Osoba maj\u0105ca dost\u0119p do danych osobowych przetwarza je wy\u0142\u0105cznie na podstawie upowa\u017cnienia W\u0142a\u015bciciela lub umowy powierzenia przetwarzania danych osobowych i wy\u0142\u0105cznie na polecenie W\u0142a\u015bciciela.<\/p>\n\n\n\n<p>10. W zwi\u0105zku z dzia\u0142alno\u015bci\u0105 Serwisu W\u0142a\u015bciciel korzysta z us\u0142ug innych podmiot\u00f3w, w tym w celu wykonania umowy z U\u017cytkownikiem. Dane osobowe U\u017cytkownik\u00f3w mog\u0105 by\u0107 przekazywane:<\/p>\n\n\n\n<p>1) firmie hostingowej,<\/p>\n\n\n\n<p>2) dostawcy oprogramowania do obs\u0142ugi Serwisu,<\/p>\n\n\n\n<p>3) dostawcy us\u0142ug internetowych,<\/p>\n\n\n\n<p>4) firmom \u015bwiadcz\u0105cym us\u0142ugi kurierskie lub pocztowe,<\/p>\n\n\n\n<p>5) dostawcy platformy p\u0142atno\u015bci elektronicznych,<\/p>\n\n\n\n<p>6) dostawcy oprogramowania do wystawiania faktur,<\/p>\n\n\n\n<p>7) podmiotom \u015bwiadcz\u0105cym obs\u0142ug\u0119 ksi\u0119gow\u0105,<\/p>\n\n\n\n<p>8) dostawcy us\u0142ug marketingowych lub reklamowych.<\/p>\n\n\n\n<h2 class=\"wp-block-heading\" id=\"#cookies\">\u00a7 3. Cookies<\/h2>\n\n\n\n<p>1. Cookies identyfikuje U\u017cytkownika, co pozwala na dopasowanie tre\u015bci witryny, z kt\u00f3rej korzysta, do jego potrzeb. Zapami\u0119tuj\u0105c jego preferencje, umo\u017cliwia odpowiednie dopasowanie skierowanych do niego tre\u015bci, w tym reklam. W\u0142a\u015bciciel stosuje Cookies, aby zagwarantowa\u0107 odpowiedni standard wygody Serwisu, a zebrane dane s\u0105 wykorzystywane jedynie wewn\u0105trz firmy w celu optymalizacji dzia\u0142a\u0144.<\/p>\n\n\n\n<p>2. Cookies wykorzystywane s\u0105 w celu:<\/p>\n\n\n\n<p>1) dostosowania zawarto\u015bci Serwisu do preferencji U\u017cytkownika;<\/p>\n\n\n\n<p>2) optymalizacji korzystania z Serwisu, w szczeg\u00f3lno\u015bci poprzez rozpoznawanie urz\u0105dzenia ko\u0144cowego U\u017cytkownika,<\/p>\n\n\n\n<p>3) tworzenia statystyk,<\/p>\n\n\n\n<p>4) utrzymania sesji U\u017cytkownika,<\/p>\n\n\n\n<p>5) dostarczania U\u017cytkownikowi tre\u015bci reklamowych.<\/p>\n\n\n\n<p>3. W\u0142a\u015bciciel przetwarza informacje statystyczne dotycz\u0105ce korzystania z Serwisu, w tym informacje o sesji, numerze IP, ilo\u015bci sp\u0119dzanego czasu na poszczeg\u00f3lnych stronach i podstronach, korzystania z poszczeg\u00f3lnych funkcjonalno\u015bci us\u0142ug, informacji o urz\u0105dzeniu i przegl\u0105darce internetowej. Dane te s\u0105 przetwarzane zgodnie z art. 6 ust. 1 lit. f Rozporz\u0105dzenia w prawnie uzasadnionym interesie administratora polegaj\u0105cym na u\u0142atwieniu korzystania z Serwisu, poprawy jako\u015bci oraz funkcjonalno\u015bci \u015bwiadczonych us\u0142ug, a przetwarzanie tych danych nie narusza praw i wolno\u015bci U\u017cytkownik\u00f3w. Informacje o U\u017cytkownikach nie s\u0105 wykorzystywane w \u017cadnych dodatkowych celach.<\/p>\n\n\n\n<p>4. Dane te s\u0105 przetwarzane w ramach bie\u017c\u0105cych dzia\u0142a\u0144 W\u0142a\u015bciciela, lecz nie d\u0142u\u017cej ni\u017c przez 60 dni od otrzymania informacji. Po tym czasie W\u0142a\u015bciciel mo\u017ce dalej przetwarza\u0107 og\u00f3lne dane statystyczne, kt\u00f3re b\u0119d\u0105 pozbawione jakichkolwiek informacji dotycz\u0105cych poszczeg\u00f3lnych U\u017cytkownik\u00f3w.<\/p>\n\n\n\n<p>5. Nale\u017cy pami\u0119ta\u0107, \u017ce w niekt\u00f3rych przypadkach oprogramowanie zainstalowane przez U\u017cytkownika na urz\u0105dzeniu ko\u0144cowym, s\u0142u\u017c\u0105ce do przegl\u0105dania stron internetowych (np. przegl\u0105darka internetowa) wprowadza domy\u015blne przechowywanie Cookies w urz\u0105dzeniu ko\u0144cowym U\u017cytkownika. U\u017cytkownicy mog\u0105 dokona\u0107 w ka\u017cdym czasie zmiany ustawie\u0144 dotycz\u0105cych Cookies. Ustawienia te mog\u0105 zosta\u0107 zmienione mi\u0119dzy innymi w taki spos\u00f3b, aby blokowa\u0107 automatyczn\u0105 ustawienia Cookies b\u0105d\u017a informowa\u0107 o ich ka\u017cdorazowym zamieszczeniu w urz\u0105dzeniu ko\u0144cowym U\u017cytkownika. Informacje szczeg\u00f3\u0142owe w tym zakresie dost\u0119pne s\u0105 w ustawieniach i instrukcjach dotycz\u0105cych oprogramowania (przegl\u0105darki internetowej).<\/p>\n\n\n\n<p>6. U\u017cytkownik w ka\u017cdej chwili ma mo\u017cliwo\u015b\u0107 wy\u0142\u0105czenia lub przywr\u00f3cenia opcji gromadzenia Cookies poprzez zmian\u0119 ustawie\u0144 swojego urz\u0105dzenia i przegl\u0105darki internetowej w zakresie stosowania plik\u00f3w Cookies lub innych podobnych technologii.<\/p>\n\n\n\n<p>7. Zmiana ustawie\u0144 stanowi wyra\u017cenie sprzeciwu, kt\u00f3ry w przysz\u0142o\u015bci mo\u017ce spowodowa\u0107 utrudnienia w korzystaniu z Serwisu. Ca\u0142kowite wy\u0142\u0105czenie opcji przyjmowania Cookies nie b\u0119dzie oznacza\u0107 braku mo\u017cliwo\u015bci przegl\u0105dania tre\u015bci zamieszczanych w Serwisie z zastrze\u017ceniem tych, do kt\u00f3rych dost\u0119p wymaga logowania.<\/p>\n\n\n\n<p>8. Niedokonanie zmiany ustawie\u0144 oznacza, \u017ce dane b\u0119d\u0105 zamieszczone w urz\u0105dzeniu ko\u0144cowym U\u017cytkownika (korzystanie z Serwisu b\u0119dzie powodowa\u0107 automatyczne zamieszczanie Cookies w urz\u0105dzeniu ko\u0144cowym U\u017cytkownika).<\/p>\n\n\n\n<p>9. Cookies s\u0105 przechowywane na urz\u0105dzeniach U\u017cytkownika nie d\u0142u\u017cej ni\u017c 12 miesi\u0119cy.<\/p>\n\n\n\n<p>10. Przechowywane dane zamieszczone w urz\u0105dzeniu ko\u0144cowym U\u017cytkownika nie powoduj\u0105 zmian konfiguracyjnych w urz\u0105dzeniu ko\u0144cowym U\u017cytkownika lub oprogramowaniu zainstalowanym w tym urz\u0105dzeniu.<\/p>\n\n\n\n<p>11. Informacje dotycz\u0105ce Cookies maj\u0105 zastosowanie r\u00f3wnie\u017c do innych podobnych technologii stosowanych w ramach Serwisu.<\/p>\n\n\n\n<h2 class=\"wp-block-heading\">\u00a7 4. Reklamacje<\/h2>\n\n\n\n<p>1.Reklamacje mo\u017cna kierowa\u0107 do W\u0142a\u015bciciela w formie elektronicznej na adres info@vitkacy.com<\/p>\n\n\n\n<p>2. Istnieje mo\u017cliwo\u015b\u0107 skorzystania z pozas\u0105dowych sposob\u00f3w rozpatrywania reklamacji i dochodzenia roszcze\u0144 w stosunkach prawnych z Konsumentami, w tym:<\/p>\n\n\n\n<p>1) mo\u017cliwo\u015b\u0107 rozwi\u0105zywania spor\u00f3w drog\u0105 elektroniczn\u0105 za pomoc\u0105 platformy ODR (online dispute resolution), dost\u0119pnej pod adresem https:\/\/ec.europa.eu\/consumers\/odr\/main\/index.cfm?event=main.home2.show&amp;lng=PL;<\/p>\n\n\n\n<p>2) mo\u017cliwo\u015b\u0107 prowadzenia post\u0119powania polubownego przed s\u0105dem powszechnym lub innymi organami.<\/p>\n\n\n\n<p>3. W\u0142a\u015bciciel zobowi\u0105zuje si\u0119 rozpatrzy\u0107 reklamacj\u0119 w terminie w terminie 14 dni.<\/p>\n\n\n\n<p>4. Je\u015bli reklamacja zostanie uznana, W\u0142a\u015bciciel podejmie odpowiednie dzia\u0142ania.<\/p>\n\n\n\n<p>5. W celu rozpatrywania reklamacji W\u0142a\u015bciciel przetwarza dane osobowe U\u017cytkownik\u00f3w sk\u0142adaj\u0105cych reklamacje, w szczeg\u00f3lno\u015bci adres e-mail, imi\u0119, nazwisko, tre\u015b\u0107 reklamacji, okoliczno\u015bci zdarzenia b\u0119d\u0105cego przyczyn\u0105 reklamacji, informacje pozyskane w toku rozpatrywania reklamacji, w tym wyja\u015bniania zdarzenia b\u0119d\u0105cego jej przyczyn\u0105. W toku rozpatrywania reklamacji W\u0142a\u015bciciel mo\u017ce przetwarza\u0107 szereg innych informacji, w tym informacje o korzystaniu przez U\u017cytkownika z Us\u0142ug, pliki&nbsp;<em>cookies<\/em>&nbsp;lub inne podobne technologie, informacje o urz\u0105dzeniach. Dane te s\u0105 przetwarzane zgodnie z art. 6 ust. 1 lit. b Rozporz\u0105dzenia w celu rozpatrzenia reklamacji i s\u0105 przetwarzane przez czas niezb\u0119dny do rozpatrzenia reklamacji oraz po zako\u0144czeniu post\u0119powania reklamacyjnego w celach archiwizacyjnych zgodnie z ustaw\u0105 o rachunkowo\u015bci w razie konieczno\u015bci obrony przed ewentualnymi roszczeniami wobec us\u0142ugodawcy.<\/p>\n\n\n\n<p>6. W przypadku podj\u0119cia post\u0119powania wyja\u015bniaj\u0105cego dotycz\u0105cego ewentualnego naruszenia postanowie\u0144 Regulaminu, Polityki lub przepis\u00f3w prawa, zasad wsp\u00f3\u0142\u017cycia spo\u0142ecznego lub dobrych obyczaj\u00f3w, W\u0142a\u015bciciel mo\u017ce przetwarza\u0107 dane osobowe U\u017cytkownika do czasu zako\u0144czenia tocz\u0105cego si\u0119 post\u0119powania oraz do up\u0142ywu terminu przedawnienia roszcze\u0144, kt\u00f3ry zazwyczaj wynosi 3 lata, lecz w szczeg\u00f3lnych przypadkach przewidzianych prawem mo\u017ce by\u0107 d\u0142u\u017cszy. Dane te b\u0119d\u0105 w\u00f3wczas przetwarzane, w tym udost\u0119pniane zgodnie z art. 6 ust. 1 lit. f Rozporz\u0105dzenia, tj. w prawnie uzasadnionym interesie administratora polegaj\u0105cym na dochodzeniu swoich roszcze\u0144 wzgl\u0119dem U\u017cytkownika. Prawnie uzasadniony interes administratora b\u0119dzie w\u00f3wczas celem nadrz\u0119dnym wobec praw i wolno\u015bci U\u017cytkownika.<\/p>\n\n\n\n<h2 class=\"wp-block-heading\">\u00a7 5.Newsletter<\/h2>\n\n\n\n<p>Zapisuj\u0105c si\u0119 do newslettera, przekazujesz mi sw\u00f3j adres e-mail oraz swoje imi\u0119 za po\u015brednictwem formularza zapisu do newslettera. Podanie danych jest dobrowolne, lecz konieczne, by zapisa\u0107 si\u0119 do newslettera.<\/p>\n\n\n\n<p>Dane te wykorzystywane s\u0105 w celu przesy\u0142ania Ci newslettera, a podstaw\u0105 prawn\u0105 do ich przetwarzania jest Twoja zgoda. Dane b\u0119d\u0105 przetwarzane przez czas funkcjonowania newslettera, chyba \u017ce wcze\u015bniej zrezygnujesz z jego otrzymywania, co spowoduje usuni\u0119cie Two-ich danych z bazy.<\/p>\n\n\n\n<p>W ka\u017cdej chwili mo\u017cesz sprostowa\u0107 swoje dane zapisane w mojej bazie newsletterowej, jak r\u00f3wnie\u017c za\u017c\u0105da\u0107 ich usuni\u0119cia, rezygnuj\u0105c z otrzymywania newslettera.&nbsp;<\/p>\n\n\n\n<p>Powierzamy przetwarzanie danych osobowych firmie oferuj\u0105cej oprogramowanie do automatyzacji e-mail marketingu ActiveCampaign LLC, Nort Dearborn Street, Suite 500, Chicago, IL 60602, USA &#8211; w celu korzystania z systemu mailingowego, w kt\u00f3rym przetwarzane s\u0105 Twoje dane, je\u015bli zapisa\u0142e\u015b si\u0119 do newslettera.&nbsp;<\/p>\n\n\n\n<h2 class=\"wp-block-heading\">\u00a7 6. Postanowienia ko\u0144cowe<\/h2>\n\n\n\n<p>1.Polityka zosta\u0142a przyj\u0119ta na mocy zarz\u0105dzenia W\u0142a\u015bciciela i wchodzi w \u017cycie z dniem 14.04.2020r. Zmiana tre\u015bci Polityki mo\u017ce nast\u0105pi\u0107 w takim samym trybie.<\/p>\n\n\n\n<p>2. Wszelkie odst\u0119pstwa od Polityki wymagaj\u0105 formy pisemnej pod rygorem niewa\u017cno\u015bci.<\/p>\n\n\n\n<p>3. Prawem w\u0142a\u015bciwym dla Polityki jest prawo Rzeczypospolitej Polskiej.<\/p>\n\n\n\n<p>4. W sprawach nieuregulowanych w Polityce stosuje si\u0119 odpowiednie przepisy prawa.<\/p>","protected":false},"excerpt":{"rendered":"<p>\u00a7 1. Postanowienia og\u00f3lne 1. Polityka prywatno\u015bci i wykorzystywania plik\u00f3w cookies w serwisie internetowym vitkacy.com (dalej: \u201ePolityka\u201d) zosta\u0142a stworzona i przyj\u0119ta przez Vitkacy Adam Kowalczyk 2. Terminy u\u017cyte w Polityce oznaczaj\u0105: 1) Serwis: serwis internetowy [&hellip;]<\/p>","protected":false},"author":1,"featured_media":0,"parent":0,"menu_order":0,"comment_status":"closed","ping_status":"open","template":"","meta":{"_acf_changed":false,"footnotes":""},"class_list":["post-3","page","type-page","status-publish","hentry"],"acf":[],"_links":{"self":[{"href":"https:\/\/vitkacy.com\/en\/wp-json\/wp\/v2\/pages\/3","targetHints":{"allow":["GET"]}}],"collection":[{"href":"https:\/\/vitkacy.com\/en\/wp-json\/wp\/v2\/pages"}],"about":[{"href":"https:\/\/vitkacy.com\/en\/wp-json\/wp\/v2\/types\/page"}],"author":[{"embeddable":true,"href":"https:\/\/vitkacy.com\/en\/wp-json\/wp\/v2\/users\/1"}],"replies":[{"embeddable":true,"href":"https:\/\/vitkacy.com\/en\/wp-json\/wp\/v2\/comments?post=3"}],"version-history":[{"count":1,"href":"https:\/\/vitkacy.com\/en\/wp-json\/wp\/v2\/pages\/3\/revisions"}],"predecessor-version":[{"id":564,"href":"https:\/\/vitkacy.com\/en\/wp-json\/wp\/v2\/pages\/3\/revisions\/564"}],"wp:attachment":[{"href":"https:\/\/vitkacy.com\/en\/wp-json\/wp\/v2\/media?parent=3"}],"curies":[{"name":"wp","href":"https:\/\/api.w.org\/{rel}","templated":true}]}}