
 {"id":496,"date":"2023-09-12T22:44:09","date_gmt":"2023-09-12T20:44:09","guid":{"rendered":"http:\/\/vitkacy.com\/?page_id=496"},"modified":"2023-09-12T22:51:29","modified_gmt":"2023-09-12T20:51:29","slug":"dostawa","status":"publish","type":"page","link":"https:\/\/vitkacy.com\/en\/dostawa\/","title":{"rendered":"Delivery"},"content":{"rendered":"<p><strong>Produkty, kt\u00f3re zam\u00f3wi\u0142e\u015b s\u0105&nbsp;starannie zapakowane, aby jak najszybciej i&nbsp;bezpiecznie dotrze\u0107<\/strong> <strong>do&nbsp;Ciebie. <\/strong>Wi\u0119kszo\u015b\u0107 zam\u00f3wie\u0144 nadawana jest w&nbsp;ci\u0105gu 48 h. Dostawa odbywa si\u0119 za&nbsp;po\u015brednictwem zaufanych firm kurierskich: DPD, Pocztex, InPost.<\/p>\n\n\n\n<h3 class=\"wp-block-heading\"><strong>Przesy\u0142ki krajowe<\/strong><\/h3>\n\n\n\n<div id=\"block-1cc62d-1842-40\" class=\"wp-block-gutenbee-justified-gallery block-1cc62d-1842-40 wp-block-gutenbee-gallery-columns gutenbee-columns-4\" data-gallery-type=\"columns\" data-row-height=\"120\" data-margins=\"1\" data-last-row=\"nojustify\" data-randomize=\"false\"><div class=\"wp-block-gutenbee-gallery-content\"><div class=\"wp-block-gutenbee-gallery-item\"><img decoding=\"async\" src=\"http:\/\/vitkacy.com\/wp-content\/uploads\/2023\/09\/Pocztex_Punkt_Podstawowy-1-768x207-2.webp\" alt=\"\" data-id=\"356\" data-link=\"http:\/\/vitkacy.com\/pocztex_punkt_podstawowy-1-768x207-2\/\" data-source-url=\"http:\/\/vitkacy.com\/wp-content\/uploads\/2023\/09\/Pocztex_Punkt_Podstawowy-1-768x207-2.webp\" class=\"wp-block-gutenbee-gallery-item-image\"\/><\/div><div class=\"wp-block-gutenbee-gallery-item\"><img decoding=\"async\" src=\"http:\/\/vitkacy.com\/wp-content\/uploads\/2023\/09\/Pocztex_Kurier_Podstawowy-1-768x207-2.webp\" alt=\"\" data-id=\"355\" data-link=\"http:\/\/vitkacy.com\/pocztex_kurier_podstawowy-1-768x207-2\/\" data-source-url=\"http:\/\/vitkacy.com\/wp-content\/uploads\/2023\/09\/Pocztex_Kurier_Podstawowy-1-768x207-2.webp\" class=\"wp-block-gutenbee-gallery-item-image\"\/><\/div><div class=\"wp-block-gutenbee-gallery-item\"><img decoding=\"async\" src=\"http:\/\/vitkacy.com\/wp-content\/uploads\/2023\/09\/pngegg.webp\" alt=\"\" data-id=\"354\" data-link=\"http:\/\/vitkacy.com\/pngegg\/\" data-source-url=\"http:\/\/vitkacy.com\/wp-content\/uploads\/2023\/09\/pngegg.webp\" class=\"wp-block-gutenbee-gallery-item-image\"\/><\/div><div class=\"wp-block-gutenbee-gallery-item\"><img decoding=\"async\" src=\"http:\/\/vitkacy.com\/wp-content\/uploads\/2023\/09\/inpost-1024x630-1.webp\" alt=\"\" data-id=\"353\" data-link=\"http:\/\/vitkacy.com\/inpost-1024x630-1\/\" data-source-url=\"http:\/\/vitkacy.com\/wp-content\/uploads\/2023\/09\/inpost-1024x630-1.webp\" class=\"wp-block-gutenbee-gallery-item-image\"\/><\/div><\/div><\/div>\n\n\n\n<h4 class=\"wp-block-heading\"><strong>Koszty przesy\u0142ek krajowych<\/strong><\/h4>\n\n\n\n<p><\/p>\n\n\n\n<figure class=\"wp-block-table\"><table><thead><tr><th><strong>Rodzaj&nbsp;przesy\u0142ki<\/strong><\/th><th><strong>Przewidywany czas dostawy<\/strong><\/th><th><strong>Koszt dostawy<\/strong><\/th><\/tr><\/thead><tbody><tr><td>Paczkomat InPost<\/td><td>1-2 dni robocze<\/td><td>Od&nbsp;16,00 z\u0142 brutto<\/td><\/tr><tr><td>Kurier InPost<\/td><td>1-2 dni robocze<\/td><td>Od&nbsp;18,00 z\u0142 brutto<\/td><\/tr><tr><td>Przesy\u0142ka kurierska DPD<\/td><td>1-2 dni robocze<\/td><td>Od&nbsp;17,00 z\u0142 brutto<\/td><\/tr><tr><td>Punkt odbioru DPD<\/td><td>1-2 dni robocze<\/td><td>Od&nbsp;19 ,00z\u0142 brutto<\/td><\/tr><tr><td>Przesy\u0142ka kurierska Pocztex<\/td><td>1-2 dni robocze<\/td><td>Od&nbsp;13,00 z\u0142 brutto<\/td><\/tr><tr><td>Punkt odbioru Pocztex<\/td><td>2-3 dni robocze<\/td><td>Od&nbsp;12,00 z\u0142 brutto<\/td><\/tr><\/tbody><\/table><\/figure>\n\n\n\n<h3 class=\"wp-block-heading\"><strong>Przesy\u0142ki ZAGRANICZNE<\/strong><\/h3>\n\n\n\n<p>Koszt wysy\u0142ki kurierem DHL do&nbsp;wybranych kraj\u00f3w Unii Europejskiej \u2013 60 z\u0142<br>W&nbsp;przypadku zam\u00f3wie\u0144 do&nbsp;kraj\u00f3w spoza UE koszt wysy\u0142ki wynosi 150 z\u0142.<\/p>","protected":false},"excerpt":{"rendered":"<p>Produkty, kt\u00f3re zam\u00f3wi\u0142e\u015b s\u0105&nbsp;starannie zapakowane, aby jak najszybciej i&nbsp;bezpiecznie dotrze\u0107 do&nbsp;Ciebie. Wi\u0119kszo\u015b\u0107 zam\u00f3wie\u0144 nadawana jest w&nbsp;ci\u0105gu 48 h. Dostawa odbywa si\u0119 za&nbsp;po\u015brednictwem zaufanych firm kurierskich: DPD, Pocztex, InPost. Przesy\u0142ki krajowe Koszty przesy\u0142ek krajowych Rodzaj&nbsp;przesy\u0142ki Przewidywany [&hellip;]<\/p>","protected":false},"author":1,"featured_media":0,"parent":0,"menu_order":0,"comment_status":"closed","ping_status":"closed","template":"","meta":{"_acf_changed":false,"footnotes":""},"class_list":["post-496","page","type-page","status-publish","hentry"],"acf":[],"_links":{"self":[{"href":"https:\/\/vitkacy.com\/en\/wp-json\/wp\/v2\/pages\/496","targetHints":{"allow":["GET"]}}],"collection":[{"href":"https:\/\/vitkacy.com\/en\/wp-json\/wp\/v2\/pages"}],"about":[{"href":"https:\/\/vitkacy.com\/en\/wp-json\/wp\/v2\/types\/page"}],"author":[{"embeddable":true,"href":"https:\/\/vitkacy.com\/en\/wp-json\/wp\/v2\/users\/1"}],"replies":[{"embeddable":true,"href":"https:\/\/vitkacy.com\/en\/wp-json\/wp\/v2\/comments?post=496"}],"version-history":[{"count":0,"href":"https:\/\/vitkacy.com\/en\/wp-json\/wp\/v2\/pages\/496\/revisions"}],"wp:attachment":[{"href":"https:\/\/vitkacy.com\/en\/wp-json\/wp\/v2\/media?parent=496"}],"curies":[{"name":"wp","href":"https:\/\/api.w.org\/{rel}","templated":true}]}}