
 {"id":1094,"date":"2025-01-28T23:47:25","date_gmt":"2025-01-28T22:47:25","guid":{"rendered":"https:\/\/vitkacy.com\/?post_type=product&#038;p=1094"},"modified":"2025-05-29T22:34:12","modified_gmt":"2025-05-29T20:34:12","slug":"domy-polesia","status":"publish","type":"product","link":"https:\/\/vitkacy.com\/en\/product\/domy-polesia\/","title":{"rendered":"Houses of Polesie"},"content":{"rendered":"<p>Artistic pillow inspired by W\u0142adys\u0142aw Strzemi\u0144ski's painting 'Houses of Polesie'.<\/p>\n<p>The exclusive jacquard textile is heavy, substantial, and delightful to the touch. The multitude of various weaves is the result of months of design work. The piece is created on looms available only in the finest European manufactories. The pillow features both an obverse and reverse side. On one side, it can bring art into the room, while on the other, it can serve as a minimalist interior decoration.<\/p>\n<p>Designed and woven in Poland. Handcrafted on Warsaw's Mokot\u00f3w.<\/p>\n<p>Produced under a license obtained from the artist's heirs.<\/p>\n<p>\u00a9 Ewa Sapka-Pawliczak &amp; Muzeum Sztuki w \u0141odzi \/ Vitkacy.com<\/p>","protected":false},"excerpt":{"rendered":"<p>Poduszka artystyczna inspirowana obrazem Domy Polesia W\u0142adys\u0142awa Strzemi\u0144skiego. Ekskluzywna tkanina \u017cakardowa jest ci\u0119\u017cka, mi\u0119sista i przyjemne w dotyku. Mnogo\u015b\u0107 r\u00f3\u017cnego rodzaju splot\u00f3w jest efektem wielomiesi\u0119cznej pracy projektowej. Dzie\u0142o powsta\u0142o na krosnach dost\u0119pnych tylko w najlepszych [&hellip;]<\/p>","protected":false},"featured_media":768,"template":"","meta":{"_acf_changed":false},"artysta":[49],"product_cat":[15],"product_tag":[46],"class_list":{"0":"post-1094","1":"product","2":"type-product","3":"status-publish","4":"has-post-thumbnail","6":"artysta-strzeminski","7":"product_cat-poduszki-artystyczne","8":"product_tag-strzeminski","9":"pa_opcjonalne-wypelnienie-kulka-silikonowa","10":"pa_wymiary-50x50-cm-3","12":"first","13":"instock","14":"shipping-taxable","15":"purchasable","16":"product-type-simple"},"acf":[],"_links":{"self":[{"href":"https:\/\/vitkacy.com\/en\/wp-json\/wp\/v2\/product\/1094","targetHints":{"allow":["GET"]}}],"collection":[{"href":"https:\/\/vitkacy.com\/en\/wp-json\/wp\/v2\/product"}],"about":[{"href":"https:\/\/vitkacy.com\/en\/wp-json\/wp\/v2\/types\/product"}],"wp:featuredmedia":[{"embeddable":true,"href":"https:\/\/vitkacy.com\/en\/wp-json\/wp\/v2\/media\/768"}],"wp:attachment":[{"href":"https:\/\/vitkacy.com\/en\/wp-json\/wp\/v2\/media?parent=1094"}],"wp:term":[{"taxonomy":"artysta","embeddable":true,"href":"https:\/\/vitkacy.com\/en\/wp-json\/wp\/v2\/artysta?post=1094"},{"taxonomy":"product_cat","embeddable":true,"href":"https:\/\/vitkacy.com\/en\/wp-json\/wp\/v2\/product_cat?post=1094"},{"taxonomy":"product_tag","embeddable":true,"href":"https:\/\/vitkacy.com\/en\/wp-json\/wp\/v2\/product_tag?post=1094"}],"curies":[{"name":"wp","href":"https:\/\/api.w.org\/{rel}","templated":true}]}}