
 {"id":1170,"date":"2025-05-25T23:10:51","date_gmt":"2025-05-25T21:10:51","guid":{"rendered":"https:\/\/vitkacy.com\/?post_type=product&#038;p=1170"},"modified":"2025-06-25T14:14:50","modified_gmt":"2025-06-25T12:14:50","slug":"gobelin-z-zajacem","status":"publish","type":"product","link":"https:\/\/vitkacy.com\/en\/product\/gobelin-z-zajacem\/","title":{"rendered":"Gobelin z zaj\u0105cem"},"content":{"rendered":"<p data-start=\"150\" data-end=\"266\"><strong data-start=\"150\" data-end=\"264\">Unikatowy gobelin \u017cakardowy, zaprojektowany i utkany w holenderskiej manufakturze z ponad 120-letni\u0105 tradycj\u0105.<\/strong><\/p>\n<p data-start=\"268\" data-end=\"541\">&#8220;Gobelin z zaj\u0105cem&#8221; autorstwa Alejo Musicha wyr\u00f3\u017cnia si\u0119 tr\u00f3jwymiarow\u0105 struktur\u0105 z licznymi zgrubieniami i wypuk\u0142o\u015bciami. Te teksturalne detale doskonale imituj\u0105 efekty malarskie \u2013 faktur\u0119 pasteli czy zgrubia\u0142ej farby olejnej \u2013 oddaj\u0105c g\u0142\u0119bi\u0119 i ekspresj\u0119 oryginalnego dzie\u0142a.<\/p>\n<div class=\"woocommerce-product-details__short-description\">\n<div class=\"woocommerce-product-details__short-description\">\n<p><strong>Wykonany w limitowanej edycji 50 egzemplarzy. <\/strong>Ka\u017cdy z nich wyposa\u017cony jest w system do zawieszenia oraz certyfikat autentyczno\u015bci.<\/p>\n<p>Wymiary: 123 x 150 cm.<\/p>\n<\/div>\n<\/div>\n<form class=\"cart\" action=\"https:\/\/vitkacy.com\/en\/product\/gobelin-falsz-kobiety\/\" enctype=\"multipart\/form-data\" method=\"post\" data-trp-original-action=\"https:\/\/vitkacy.com\/produkt\/gobelin-falsz-kobiety\/\">\n<div class=\"quantity-wrap\"><\/div>\n<input type=\"hidden\" name=\"trp-form-language\" value=\"en\"\/><\/form>","protected":false},"excerpt":{"rendered":"<p>Unikatowy gobelin \u017cakardowy, zaprojektowany i utkany w holenderskiej manufakturze z ponad 120-letni\u0105 tradycj\u0105. &#8220;Gobelin z zaj\u0105cem&#8221; autorstwa Alejo Musicha wyr\u00f3\u017cnia si\u0119 tr\u00f3jwymiarow\u0105 struktur\u0105 z licznymi zgrubieniami i wypuk\u0142o\u015bciami. Te teksturalne detale doskonale imituj\u0105 efekty malarskie [&hellip;]<\/p>","protected":false},"featured_media":1172,"template":"","meta":{"_acf_changed":false},"artysta":[],"product_cat":[52,58],"product_tag":[57],"class_list":{"0":"post-1170","1":"product","2":"type-product","3":"status-publish","4":"has-post-thumbnail","6":"product_cat-gobeliny","7":"product_cat-nowosci","8":"product_tag-gobelin","10":"first","11":"instock","12":"shipping-taxable","13":"purchasable","14":"product-type-simple"},"acf":[],"_links":{"self":[{"href":"https:\/\/vitkacy.com\/en\/wp-json\/wp\/v2\/product\/1170","targetHints":{"allow":["GET"]}}],"collection":[{"href":"https:\/\/vitkacy.com\/en\/wp-json\/wp\/v2\/product"}],"about":[{"href":"https:\/\/vitkacy.com\/en\/wp-json\/wp\/v2\/types\/product"}],"wp:featuredmedia":[{"embeddable":true,"href":"https:\/\/vitkacy.com\/en\/wp-json\/wp\/v2\/media\/1172"}],"wp:attachment":[{"href":"https:\/\/vitkacy.com\/en\/wp-json\/wp\/v2\/media?parent=1170"}],"wp:term":[{"taxonomy":"artysta","embeddable":true,"href":"https:\/\/vitkacy.com\/en\/wp-json\/wp\/v2\/artysta?post=1170"},{"taxonomy":"product_cat","embeddable":true,"href":"https:\/\/vitkacy.com\/en\/wp-json\/wp\/v2\/product_cat?post=1170"},{"taxonomy":"product_tag","embeddable":true,"href":"https:\/\/vitkacy.com\/en\/wp-json\/wp\/v2\/product_tag?post=1170"}],"curies":[{"name":"wp","href":"https:\/\/api.w.org\/{rel}","templated":true}]}}