
 {"id":1177,"date":"2025-05-27T21:44:37","date_gmt":"2025-05-27T19:44:37","guid":{"rendered":"https:\/\/vitkacy.com\/?post_type=product&#038;p=1177"},"modified":"2025-06-25T14:14:21","modified_gmt":"2025-06-25T12:14:21","slug":"gobelin-z-pelikanem","status":"publish","type":"product","link":"https:\/\/vitkacy.com\/en\/product\/gobelin-z-pelikanem\/","title":{"rendered":"Gobelin z Pelikanem"},"content":{"rendered":"<div class=\"col-lg-6 offset-lg-1 col-md-8 col-12 ml-auto\">\n<div class=\"content-wrapper\">\n<div class=\"woocommerce-tabs wc-tabs-wrapper\">\n<div id=\"tab-description\" class=\"woocommerce-Tabs-panel woocommerce-Tabs-panel--description panel entry-content wc-tab\" role=\"tabpanel\" aria-labelledby=\"tab-title-description\">\n<div class=\"woocommerce-product-details__short-description\">\n<div class=\"woocommerce-product-details__short-description\">\n<p data-start=\"150\" data-end=\"266\"><strong data-start=\"150\" data-end=\"264\">Unikatowy gobelin \u017cakardowy, zaprojektowany i utkany w holenderskiej manufakturze z ponad 120-letni\u0105 tradycj\u0105.<\/strong><\/p>\n<p data-start=\"268\" data-end=\"541\">\u201cGobelin z pelikanem\u201d autorstwa Alejo Musicha wyr\u00f3\u017cnia si\u0119 tr\u00f3jwymiarow\u0105 struktur\u0105 z licznymi zgrubieniami i wypuk\u0142o\u015bciami. Te teksturalne detale doskonale imituj\u0105 efekty malarskie \u2013 faktur\u0119 pasteli czy zgrubia\u0142ej farby olejnej \u2013 oddaj\u0105c g\u0142\u0119bi\u0119 i ekspresj\u0119 oryginalnego dzie\u0142a.<\/p>\n<div class=\"woocommerce-product-details__short-description\">\n<div class=\"woocommerce-product-details__short-description\">\n<p><strong>Wykonany w limitowanej edycji 150 egzemplarzy.\u00a0<\/strong><\/p>\n<p>Wymiary: 50 x 70 cm.<\/p>\n<\/div>\n<\/div>\n<\/div>\n<\/div>\n<form class=\"cart\" action=\"https:\/\/vitkacy.com\/en\/product\/gobelin-falsz-kobiety\/\" enctype=\"multipart\/form-data\" method=\"post\" data-trp-original-action=\"https:\/\/vitkacy.com\/produkt\/gobelin-falsz-kobiety\/\">\n<div class=\"quantity-wrap\"><\/div>\n<input type=\"hidden\" name=\"trp-form-language\" value=\"en\"\/><\/form>\n<\/div>\n<\/div>\n<\/div>\n<\/div>\n<div class=\"entry-featured\">\n<div class=\"container\">\n<div class=\"row\">\n<div class=\"col-lg-10 col-lg-10 col-12\">\n<div class=\"entry-item-excerpt story_exc\"><\/div>\n<\/div>\n<\/div>\n<\/div>\n<\/div>","protected":false},"excerpt":{"rendered":"<p>Unikatowy gobelin \u017cakardowy, zaprojektowany i utkany w holenderskiej manufakturze z ponad 120-letni\u0105 tradycj\u0105. \u201cGobelin z pelikanem\u201d autorstwa Alejo Musicha wyr\u00f3\u017cnia si\u0119 tr\u00f3jwymiarow\u0105 struktur\u0105 z licznymi zgrubieniami i wypuk\u0142o\u015bciami. Te teksturalne detale doskonale imituj\u0105 efekty malarskie [&hellip;]<\/p>","protected":false},"featured_media":1178,"template":"","meta":{"_acf_changed":false},"artysta":[],"product_cat":[52,58],"product_tag":[],"class_list":{"0":"post-1177","1":"product","2":"type-product","3":"status-publish","4":"has-post-thumbnail","6":"product_cat-gobeliny","7":"product_cat-nowosci","9":"first","10":"instock","11":"shipping-taxable","12":"purchasable","13":"product-type-simple"},"acf":[],"_links":{"self":[{"href":"https:\/\/vitkacy.com\/en\/wp-json\/wp\/v2\/product\/1177","targetHints":{"allow":["GET"]}}],"collection":[{"href":"https:\/\/vitkacy.com\/en\/wp-json\/wp\/v2\/product"}],"about":[{"href":"https:\/\/vitkacy.com\/en\/wp-json\/wp\/v2\/types\/product"}],"wp:featuredmedia":[{"embeddable":true,"href":"https:\/\/vitkacy.com\/en\/wp-json\/wp\/v2\/media\/1178"}],"wp:attachment":[{"href":"https:\/\/vitkacy.com\/en\/wp-json\/wp\/v2\/media?parent=1177"}],"wp:term":[{"taxonomy":"artysta","embeddable":true,"href":"https:\/\/vitkacy.com\/en\/wp-json\/wp\/v2\/artysta?post=1177"},{"taxonomy":"product_cat","embeddable":true,"href":"https:\/\/vitkacy.com\/en\/wp-json\/wp\/v2\/product_cat?post=1177"},{"taxonomy":"product_tag","embeddable":true,"href":"https:\/\/vitkacy.com\/en\/wp-json\/wp\/v2\/product_tag?post=1177"}],"curies":[{"name":"wp","href":"https:\/\/api.w.org\/{rel}","templated":true}]}}