
 {"id":1182,"date":"2025-05-27T22:15:16","date_gmt":"2025-05-27T20:15:16","guid":{"rendered":"https:\/\/vitkacy.com\/?post_type=product&#038;p=1182"},"modified":"2025-06-25T14:13:48","modified_gmt":"2025-06-25T12:13:48","slug":"gobelin-postaci","status":"publish","type":"product","link":"https:\/\/vitkacy.com\/en\/product\/gobelin-postaci\/","title":{"rendered":"Gobelin Postaci"},"content":{"rendered":"<p data-start=\"141\" data-end=\"344\">&#8220;Postaci 1\u201d to subtelna, nowoczesna kompozycja stworzona przez ukrai\u0144sk\u0105 artystk\u0119 Mash\u0119 Reva. Gobelin \u017cakardowy \u0142\u0105czy abstrakcyjne formy z delikatn\u0105 palet\u0105 barw.<\/p>\n<p data-start=\"346\" data-end=\"623\">Zosta\u0142 utkany w holenderskiej manufakturze z ponad 120-letni\u0105 tradycj\u0105. Wyra\u017ana struktura tkaniny nadaje pracy wyj\u0105tkow\u0105 g\u0142\u0119bi\u0119 \u2013 figury zdaj\u0105 si\u0119 niemal unosi\u0107 nad powierzchni\u0105 tkaniny.<\/p>\n<p data-start=\"625\" data-end=\"794\">Gobelin \u201ePostaci 1\u201d jest dost\u0119pny w limitowanej edycji <strong data-start=\"680\" data-end=\"698\">45 egzemplarzy<\/strong>, ka\u017cdy o wymiarach <strong data-start=\"718\" data-end=\"732\">50 \u00d7 70 cm<\/strong>, wyposa\u017cony w certyfikat autentyczno\u015bci.<\/p>\n<p data-start=\"796\" data-end=\"905\">To nie tylko dekoracja \u015bcienna, lecz wsp\u00f3\u0142czesne dzie\u0142o sztuki tekstylnej.<\/p>","protected":false},"excerpt":{"rendered":"<p>&#8220;Postaci 1\u201d to subtelna, nowoczesna kompozycja stworzona przez ukrai\u0144sk\u0105 artystk\u0119 Mash\u0119 Reva. Gobelin \u017cakardowy \u0142\u0105czy abstrakcyjne formy z delikatn\u0105 palet\u0105 barw. Zosta\u0142 utkany w holenderskiej manufakturze z ponad 120-letni\u0105 tradycj\u0105. Wyra\u017ana struktura tkaniny nadaje pracy [&hellip;]<\/p>","protected":false},"featured_media":1183,"template":"","meta":{"_acf_changed":false},"artysta":[],"product_cat":[52,58],"product_tag":[],"class_list":{"0":"post-1182","1":"product","2":"type-product","3":"status-publish","4":"has-post-thumbnail","6":"product_cat-gobeliny","7":"product_cat-nowosci","9":"first","10":"instock","11":"shipping-taxable","12":"purchasable","13":"product-type-simple"},"acf":[],"_links":{"self":[{"href":"https:\/\/vitkacy.com\/en\/wp-json\/wp\/v2\/product\/1182","targetHints":{"allow":["GET"]}}],"collection":[{"href":"https:\/\/vitkacy.com\/en\/wp-json\/wp\/v2\/product"}],"about":[{"href":"https:\/\/vitkacy.com\/en\/wp-json\/wp\/v2\/types\/product"}],"wp:featuredmedia":[{"embeddable":true,"href":"https:\/\/vitkacy.com\/en\/wp-json\/wp\/v2\/media\/1183"}],"wp:attachment":[{"href":"https:\/\/vitkacy.com\/en\/wp-json\/wp\/v2\/media?parent=1182"}],"wp:term":[{"taxonomy":"artysta","embeddable":true,"href":"https:\/\/vitkacy.com\/en\/wp-json\/wp\/v2\/artysta?post=1182"},{"taxonomy":"product_cat","embeddable":true,"href":"https:\/\/vitkacy.com\/en\/wp-json\/wp\/v2\/product_cat?post=1182"},{"taxonomy":"product_tag","embeddable":true,"href":"https:\/\/vitkacy.com\/en\/wp-json\/wp\/v2\/product_tag?post=1182"}],"curies":[{"name":"wp","href":"https:\/\/api.w.org\/{rel}","templated":true}]}}