
 {"id":1200,"date":"2025-05-27T23:12:06","date_gmt":"2025-05-27T21:12:06","guid":{"rendered":"https:\/\/vitkacy.com\/?post_type=product&#038;p=1200"},"modified":"2025-06-25T14:12:34","modified_gmt":"2025-06-25T12:12:34","slug":"play-arch","status":"publish","type":"product","link":"https:\/\/vitkacy.com\/en\/product\/play-arch\/","title":{"rendered":"Play &#8211; Circle"},"content":{"rendered":"<p><strong data-start=\"0\" data-end=\"24\" data-is-only-node=\"\">\u201cPlay \u2013 Circle\u201d<\/strong>\u00a0to gobelin autorstwa holenderskiej projektantki Kiki van Eijk, b\u0119d\u0105cy cz\u0119\u015bci\u0105 limitowanej serii trzech prac.<\/p>\n<p data-start=\"116\" data-end=\"270\"><span class=\"relative -mx-px my-[-0.2rem] rounded px-px py-[0.2rem] transition-colors duration-100 ease-in-out\">Wykonany w technice tr\u00f3jwymiarowego \u017cakardu, gobelin ten \u0142\u0105czy nowoczesne wzornictwo z tradycyjnym rzemios\u0142em.<\/span><\/p>\n<p data-start=\"116\" data-end=\"270\"><span class=\"relative -mx-px my-[-0.2rem] rounded px-px py-[0.2rem] transition-colors duration-100 ease-in-out\">Zastosowanie prz\u0119dz z recyklingu NewLife\u00ae (poliester), bawe\u0142ny i we\u0142ny oraz certyfikat OEKO-TEX STeP potwierdzaj\u0105 jego zr\u00f3wnowa\u017cony charakter.<\/span>\u00a0<span class=\"relative -mx-px my-[-0.2rem] rounded px-px py-[0.2rem] transition-colors duration-100 ease-in-out\">Ka\u017cdy egzemplarz zosta\u0142 utkany w Holandii przez renomowan\u0105 manufaktur\u0119 z ponad 120-letni\u0105 tradycj\u0105.<\/span><\/p>\n<p data-start=\"272\" data-end=\"390\"><span class=\"relative -mx-px my-[-0.2rem] rounded px-px py-[0.2rem] transition-colors duration-100 ease-in-out\">Gobelin ma wymiary 45 \u00d7 60 cm i dost\u0119pny jest w limitowanej edycji 45 sztuk.<\/span>\u00a0<span class=\"relative -mx-px my-[-0.2rem] rounded px-px py-[0.2rem] transition-colors duration-100 ease-in-out\">W zestawie znajduje si\u0119 system do zawieszenia oraz certyfikat pochodzenia<\/span><\/p>","protected":false},"excerpt":{"rendered":"<p>\u201cPlay \u2013 Circle\u201d\u00a0to gobelin autorstwa holenderskiej projektantki Kiki van Eijk, b\u0119d\u0105cy cz\u0119\u015bci\u0105 limitowanej serii trzech prac. Wykonany w technice tr\u00f3jwymiarowego \u017cakardu, gobelin ten \u0142\u0105czy nowoczesne wzornictwo z tradycyjnym rzemios\u0142em. Zastosowanie prz\u0119dz z recyklingu NewLife\u00ae (poliester), [&hellip;]<\/p>","protected":false},"featured_media":1196,"template":"","meta":{"_acf_changed":false},"artysta":[],"product_cat":[52,58],"product_tag":[],"class_list":{"0":"post-1200","1":"product","2":"type-product","3":"status-publish","4":"has-post-thumbnail","6":"product_cat-gobeliny","7":"product_cat-nowosci","9":"first","10":"instock","11":"shipping-taxable","12":"purchasable","13":"product-type-simple"},"acf":[],"_links":{"self":[{"href":"https:\/\/vitkacy.com\/en\/wp-json\/wp\/v2\/product\/1200","targetHints":{"allow":["GET"]}}],"collection":[{"href":"https:\/\/vitkacy.com\/en\/wp-json\/wp\/v2\/product"}],"about":[{"href":"https:\/\/vitkacy.com\/en\/wp-json\/wp\/v2\/types\/product"}],"wp:featuredmedia":[{"embeddable":true,"href":"https:\/\/vitkacy.com\/en\/wp-json\/wp\/v2\/media\/1196"}],"wp:attachment":[{"href":"https:\/\/vitkacy.com\/en\/wp-json\/wp\/v2\/media?parent=1200"}],"wp:term":[{"taxonomy":"artysta","embeddable":true,"href":"https:\/\/vitkacy.com\/en\/wp-json\/wp\/v2\/artysta?post=1200"},{"taxonomy":"product_cat","embeddable":true,"href":"https:\/\/vitkacy.com\/en\/wp-json\/wp\/v2\/product_cat?post=1200"},{"taxonomy":"product_tag","embeddable":true,"href":"https:\/\/vitkacy.com\/en\/wp-json\/wp\/v2\/product_tag?post=1200"}],"curies":[{"name":"wp","href":"https:\/\/api.w.org\/{rel}","templated":true}]}}