
 {"id":1204,"date":"2025-05-27T23:19:32","date_gmt":"2025-05-27T21:19:32","guid":{"rendered":"https:\/\/vitkacy.com\/?post_type=product&#038;p=1204"},"modified":"2025-05-31T00:05:04","modified_gmt":"2025-05-30T22:05:04","slug":"play-arch-2","status":"publish","type":"product","link":"https:\/\/vitkacy.com\/en\/product\/play-arch-2\/","title":{"rendered":"Play &#8211; Arch"},"content":{"rendered":"<p><strong data-start=\"0\" data-end=\"24\" data-is-only-node=\"\">\u201cPlay \u2013 Arch\u201d<\/strong>\u00a0to gobelin autorstwa holenderskiej projektantki Kiki van Eijk, b\u0119d\u0105cy cz\u0119\u015bci\u0105 limitowanej serii trzech prac.<\/p>\n<p data-start=\"116\" data-end=\"270\"><span class=\"relative -mx-px my-[-0.2rem] rounded px-px py-[0.2rem] transition-colors duration-100 ease-in-out\">Wykonany w technice tr\u00f3jwymiarowego \u017cakardu, gobelin ten \u0142\u0105czy nowoczesne wzornictwo z tradycyjnym rzemios\u0142em.<\/span><\/p>\n<p data-start=\"116\" data-end=\"270\"><span class=\"relative -mx-px my-[-0.2rem] rounded px-px py-[0.2rem] transition-colors duration-100 ease-in-out\">Zastosowanie prz\u0119dz z recyklingu NewLife\u00ae (poliester), bawe\u0142ny i we\u0142ny oraz certyfikat OEKO-TEX STeP potwierdzaj\u0105 jego zr\u00f3wnowa\u017cony charakter.<\/span>\u00a0<span class=\"relative -mx-px my-[-0.2rem] rounded px-px py-[0.2rem] transition-colors duration-100 ease-in-out\">Ka\u017cdy egzemplarz zosta\u0142 utkany w Holandii przez renomowan\u0105 manufaktur\u0119 z ponad 120-letni\u0105 tradycj\u0105.<\/span><\/p>\n<p data-start=\"272\" data-end=\"390\"><span class=\"relative -mx-px my-[-0.2rem] rounded px-px py-[0.2rem] transition-colors duration-100 ease-in-out\">Gobelin ma wymiary 45 \u00d7 60 cm i dost\u0119pny jest w limitowanej edycji 45 sztuk.<\/span>\u00a0<span class=\"relative -mx-px my-[-0.2rem] rounded px-px py-[0.2rem] transition-colors duration-100 ease-in-out\">W zestawie znajduje si\u0119 system do zawieszenia oraz certyfikat pochodzenia<\/span><\/p>","protected":false},"excerpt":{"rendered":"<div class=\"woocommerce-product-details__short-description\">\n<p data-start=\"123\" data-end=\"202\">Zobacz nasze nowo\u015bci na \u017cywo podczas ArtShow w Warszawie \u2013 31 maja i 1 czerwca.<\/p>\n<p data-start=\"204\" data-end=\"314\">Lokalizacja: Bohema, ul. Szwedzka 22 i 26<br data-start=\"245\" data-end=\"248\" \/>Stoisko Vitkacy.com \u2013 budynek AFI, pierwsze pi\u0119tro, stanowisko P14<\/p>\n<\/div>\n<form class=\"cart\" action=\"https:\/\/vitkacy.com\/en\/product\/gobelin-z-pelikanem\/\" enctype=\"multipart\/form-data\" method=\"post\" data-trp-original-action=\"https:\/\/vitkacy.com\/produkt\/gobelin-z-pelikanem\/\">\n<div class=\"quantity-wrap\"><\/div>\n<input type=\"hidden\" name=\"trp-form-language\" value=\"en\"\/><\/form>","protected":false},"featured_media":1193,"template":"","meta":{"_acf_changed":false},"artysta":[],"product_cat":[52,58],"product_tag":[],"class_list":{"0":"post-1204","1":"product","2":"type-product","3":"status-publish","4":"has-post-thumbnail","6":"product_cat-gobeliny","7":"product_cat-nowosci","9":"first","10":"instock","11":"shipping-taxable","12":"purchasable","13":"product-type-simple"},"acf":[],"_links":{"self":[{"href":"https:\/\/vitkacy.com\/en\/wp-json\/wp\/v2\/product\/1204","targetHints":{"allow":["GET"]}}],"collection":[{"href":"https:\/\/vitkacy.com\/en\/wp-json\/wp\/v2\/product"}],"about":[{"href":"https:\/\/vitkacy.com\/en\/wp-json\/wp\/v2\/types\/product"}],"wp:featuredmedia":[{"embeddable":true,"href":"https:\/\/vitkacy.com\/en\/wp-json\/wp\/v2\/media\/1193"}],"wp:attachment":[{"href":"https:\/\/vitkacy.com\/en\/wp-json\/wp\/v2\/media?parent=1204"}],"wp:term":[{"taxonomy":"artysta","embeddable":true,"href":"https:\/\/vitkacy.com\/en\/wp-json\/wp\/v2\/artysta?post=1204"},{"taxonomy":"product_cat","embeddable":true,"href":"https:\/\/vitkacy.com\/en\/wp-json\/wp\/v2\/product_cat?post=1204"},{"taxonomy":"product_tag","embeddable":true,"href":"https:\/\/vitkacy.com\/en\/wp-json\/wp\/v2\/product_tag?post=1204"}],"curies":[{"name":"wp","href":"https:\/\/api.w.org\/{rel}","templated":true}]}}