
 {"id":433,"date":"2023-09-12T01:06:28","date_gmt":"2023-09-11T23:06:28","guid":{"rendered":"http:\/\/vitkacy.com\/?post_type=product&#038;p=433"},"modified":"2025-05-29T22:33:00","modified_gmt":"2025-05-29T20:33:00","slug":"powidok-kobieta-w-oknie","status":"publish","type":"product","link":"https:\/\/vitkacy.com\/en\/product\/powidok-kobieta-w-oknie\/","title":{"rendered":"Afterimage of Light. Woman in a Window"},"content":{"rendered":"<p>Artistic pillow inspired by the painting <em>Afterimage of Light. Woman in a Window<\/em> by W\u0142adys\u0142aw Strzemi\u0144ski<\/p>\n<p>The exclusive jacquard textile is heavy, substantial, and pleasant to the touch. The multitude of various weaves is the result of months of design work. This masterpiece is created on looms available only in the finest European manufactories. The pillow features both an obverse and reverse side. On one side, it can bring art into the room, while on the other, it can become a minimalist interior decoration.<\/p>\n<p>Designed and woven in Poland. Handcrafted on Warsaw's Mokot\u00f3w.<\/p>\n<p>Produced under a license obtained from the artist's heirs.<\/p>\n<p>\u00a9Ewa Sapka-Pawliczak &amp; Muzeum Sztuki w \u0141odzi \/ Vitkacy.com<\/p>","protected":false},"excerpt":{"rendered":"<div>\n<div>Z okazji Walentynek dla kochaj\u0105cych sztuk\u0119 &#8211; 14 % na wszystkie poduszki! U\u017cyj kodu: LOVE.<br \/>\nKod wa\u017cny jest do poniedzia\u0142ku 17.02!<\/div>\n<\/div>\n<div><\/div>","protected":false},"featured_media":810,"template":"","meta":{"_acf_changed":false},"artysta":[49],"product_cat":[15],"product_tag":[46],"class_list":{"0":"post-433","1":"product","2":"type-product","3":"status-publish","4":"has-post-thumbnail","6":"artysta-strzeminski","7":"product_cat-poduszki-artystyczne","8":"product_tag-strzeminski","9":"pa_opcjonalne-wypelnienie-kulka-silikonowa","10":"pa_wymiary-50x50-cm-3","11":"pa_wypelnienie-bez-wypelnienia","12":"pa_wypelnienie-z-wypelnieniem","14":"first","15":"instock","16":"shipping-taxable","17":"purchasable","18":"product-type-simple"},"acf":[],"_links":{"self":[{"href":"https:\/\/vitkacy.com\/en\/wp-json\/wp\/v2\/product\/433","targetHints":{"allow":["GET"]}}],"collection":[{"href":"https:\/\/vitkacy.com\/en\/wp-json\/wp\/v2\/product"}],"about":[{"href":"https:\/\/vitkacy.com\/en\/wp-json\/wp\/v2\/types\/product"}],"wp:featuredmedia":[{"embeddable":true,"href":"https:\/\/vitkacy.com\/en\/wp-json\/wp\/v2\/media\/810"}],"wp:attachment":[{"href":"https:\/\/vitkacy.com\/en\/wp-json\/wp\/v2\/media?parent=433"}],"wp:term":[{"taxonomy":"artysta","embeddable":true,"href":"https:\/\/vitkacy.com\/en\/wp-json\/wp\/v2\/artysta?post=433"},{"taxonomy":"product_cat","embeddable":true,"href":"https:\/\/vitkacy.com\/en\/wp-json\/wp\/v2\/product_cat?post=433"},{"taxonomy":"product_tag","embeddable":true,"href":"https:\/\/vitkacy.com\/en\/wp-json\/wp\/v2\/product_tag?post=433"}],"curies":[{"name":"wp","href":"https:\/\/api.w.org\/{rel}","templated":true}]}}