
 {"id":441,"date":"2023-09-12T01:23:28","date_gmt":"2023-09-11T23:23:28","guid":{"rendered":"http:\/\/vitkacy.com\/?post_type=product&#038;p=441"},"modified":"2025-12-19T11:04:49","modified_gmt":"2025-12-19T10:04:49","slug":"portret-mezczyzny","status":"publish","type":"product","link":"https:\/\/vitkacy.com\/en\/product\/portret-mezczyzny\/","title":{"rendered":"Portrait of a Man"},"content":{"rendered":"<p>Artistic pillow inspired by Witkacy's Portrait of a man. The visible annotation 'Type C' indicates that the artist created while experimenting with drugs.<\/p>\n<p>The exclusive jacquard textile is heavy, substantial, and pleasant to the touch. The multitude of various weaves is the result of months of design work. This masterpiece is created on looms available only in the finest European manufactories. The obverse of the pillow complements the interior with art, while the reverse can transform into a minimalist decoration at any moment.<\/p>\n<p>Designed and woven in Poland. Handcrafted on Warsaw's Mokot\u00f3w.<\/p>","protected":false},"excerpt":{"rendered":"<p>Poduszka artystyczna inspirowana portretem m\u0119\u017cczyzny autorstwa Witkacego. Widoczny dopisek Typ C \u015bwiadczy, \u017ce artysta tworzy\u0142 eksperymentuj\u0105c z narkotykami. Ekskluzywna tkanina \u017cakardowa jest ci\u0119\u017cka, mi\u0119sista i przyjemne w dotyku. Mnogo\u015b\u0107 r\u00f3\u017cnego rodzaju splot\u00f3w jest efektem wielomiesi\u0119cznej [&hellip;]<\/p>","protected":false},"featured_media":836,"template":"","meta":{"_acf_changed":false},"artysta":[50],"product_cat":[15],"product_tag":[45],"class_list":{"0":"post-441","1":"product","2":"type-product","3":"status-publish","4":"has-post-thumbnail","6":"artysta-witkacy","7":"product_cat-poduszki-artystyczne","8":"product_tag-witkacy","9":"pa_opcjonalne-wypelnienie-kulka-silikonowa","10":"pa_wymiary-50x50-cm-3","11":"pa_wypelnienie-bez-wypelnienia","12":"pa_wypelnienie-z-wypelnieniem","14":"first","15":"instock","16":"sale","17":"shipping-taxable","18":"purchasable","19":"product-type-simple"},"acf":[],"_links":{"self":[{"href":"https:\/\/vitkacy.com\/en\/wp-json\/wp\/v2\/product\/441","targetHints":{"allow":["GET"]}}],"collection":[{"href":"https:\/\/vitkacy.com\/en\/wp-json\/wp\/v2\/product"}],"about":[{"href":"https:\/\/vitkacy.com\/en\/wp-json\/wp\/v2\/types\/product"}],"wp:featuredmedia":[{"embeddable":true,"href":"https:\/\/vitkacy.com\/en\/wp-json\/wp\/v2\/media\/836"}],"wp:attachment":[{"href":"https:\/\/vitkacy.com\/en\/wp-json\/wp\/v2\/media?parent=441"}],"wp:term":[{"taxonomy":"artysta","embeddable":true,"href":"https:\/\/vitkacy.com\/en\/wp-json\/wp\/v2\/artysta?post=441"},{"taxonomy":"product_cat","embeddable":true,"href":"https:\/\/vitkacy.com\/en\/wp-json\/wp\/v2\/product_cat?post=441"},{"taxonomy":"product_tag","embeddable":true,"href":"https:\/\/vitkacy.com\/en\/wp-json\/wp\/v2\/product_tag?post=441"}],"curies":[{"name":"wp","href":"https:\/\/api.w.org\/{rel}","templated":true}]}}